{"id":345,"date":"2021-06-12T17:14:58","date_gmt":"2021-06-12T15:14:58","guid":{"rendered":"https:\/\/centroacutispompei.it\/?page_id=345"},"modified":"2026-01-08T20:16:49","modified_gmt":"2026-01-08T18:16:49","slug":"studio-al-centro","status":"publish","type":"page","link":"https:\/\/centroacutispompei.it\/index.php\/studio-al-centro\/","title":{"rendered":"Studio al C&#8217;entro"},"content":{"rendered":"\n<div class=\"wp-block-columns is-layout-flex wp-container-core-columns-is-layout-9d6595d7 wp-block-columns-is-layout-flex\">\n<div class=\"wp-block-column is-layout-flow wp-block-column-is-layout-flow\" style=\"flex-basis:100%\">\n<div class=\"wp-block-jetpack-tiled-gallery aligncenter is-style-rectangular\"><div class=\"\"><div class=\"tiled-gallery__gallery\"><div class=\"tiled-gallery__row\"><div class=\"tiled-gallery__col\" style=\"flex-basis:37.02678%\"><figure class=\"tiled-gallery__item\"><img decoding=\"async\" srcset=\"https:\/\/i0.wp.com\/centroacutispompei.it\/wp-content\/uploads\/2025\/02\/5866484590133234176-1024x768.jpg?strip=info&#038;w=600&#038;ssl=1 600w,https:\/\/i0.wp.com\/centroacutispompei.it\/wp-content\/uploads\/2025\/02\/5866484590133234176-1024x768.jpg?strip=info&#038;w=900&#038;ssl=1 900w,https:\/\/i0.wp.com\/centroacutispompei.it\/wp-content\/uploads\/2025\/02\/5866484590133234176-1024x768.jpg?strip=info&#038;w=1200&#038;ssl=1 1200w,https:\/\/i0.wp.com\/centroacutispompei.it\/wp-content\/uploads\/2025\/02\/5866484590133234176-1024x768.jpg?strip=info&#038;w=1280&#038;ssl=1 1280w\" alt=\"\" data-height=\"960\" data-id=\"1671\" data-link=\"https:\/\/centroacutispompei.it\/5866484590133234176\/\" data-url=\"https:\/\/centroacutispompei.it\/wp-content\/uploads\/2025\/02\/5866484590133234176-1024x768.jpg\" data-width=\"1280\" src=\"https:\/\/i0.wp.com\/centroacutispompei.it\/wp-content\/uploads\/2025\/02\/5866484590133234176-1024x768.jpg?ssl=1\" data-amp-layout=\"responsive\"\/><\/figure><figure class=\"tiled-gallery__item\"><img decoding=\"async\" srcset=\"https:\/\/i0.wp.com\/centroacutispompei.it\/wp-content\/uploads\/2025\/02\/5866484590133234183-1024x768.jpg?strip=info&#038;w=600&#038;ssl=1 600w,https:\/\/i0.wp.com\/centroacutispompei.it\/wp-content\/uploads\/2025\/02\/5866484590133234183-1024x768.jpg?strip=info&#038;w=900&#038;ssl=1 900w,https:\/\/i0.wp.com\/centroacutispompei.it\/wp-content\/uploads\/2025\/02\/5866484590133234183-1024x768.jpg?strip=info&#038;w=1200&#038;ssl=1 1200w,https:\/\/i0.wp.com\/centroacutispompei.it\/wp-content\/uploads\/2025\/02\/5866484590133234183-1024x768.jpg?strip=info&#038;w=1280&#038;ssl=1 1280w\" alt=\"\" data-height=\"960\" data-id=\"1667\" data-link=\"https:\/\/centroacutispompei.it\/5866484590133234183\/\" data-url=\"https:\/\/centroacutispompei.it\/wp-content\/uploads\/2025\/02\/5866484590133234183-1024x768.jpg\" data-width=\"1280\" src=\"https:\/\/i0.wp.com\/centroacutispompei.it\/wp-content\/uploads\/2025\/02\/5866484590133234183-1024x768.jpg?ssl=1\" data-amp-layout=\"responsive\"\/><\/figure><figure class=\"tiled-gallery__item\"><img decoding=\"async\" srcset=\"https:\/\/i0.wp.com\/centroacutispompei.it\/wp-content\/uploads\/2025\/02\/5866484590133234175-1024x768.jpg?strip=info&#038;w=600&#038;ssl=1 600w,https:\/\/i0.wp.com\/centroacutispompei.it\/wp-content\/uploads\/2025\/02\/5866484590133234175-1024x768.jpg?strip=info&#038;w=900&#038;ssl=1 900w,https:\/\/i0.wp.com\/centroacutispompei.it\/wp-content\/uploads\/2025\/02\/5866484590133234175-1024x768.jpg?strip=info&#038;w=1200&#038;ssl=1 1200w,https:\/\/i0.wp.com\/centroacutispompei.it\/wp-content\/uploads\/2025\/02\/5866484590133234175-1024x768.jpg?strip=info&#038;w=1280&#038;ssl=1 1280w\" alt=\"\" data-height=\"960\" data-id=\"1672\" data-link=\"https:\/\/centroacutispompei.it\/5866484590133234175\/\" data-url=\"https:\/\/centroacutispompei.it\/wp-content\/uploads\/2025\/02\/5866484590133234175-1024x768.jpg\" data-width=\"1280\" src=\"https:\/\/i0.wp.com\/centroacutispompei.it\/wp-content\/uploads\/2025\/02\/5866484590133234175-1024x768.jpg?ssl=1\" data-amp-layout=\"responsive\"\/><\/figure><\/div><div class=\"tiled-gallery__col\" style=\"flex-basis:62.97322%\"><figure class=\"tiled-gallery__item\"><img decoding=\"async\" srcset=\"https:\/\/i0.wp.com\/centroacutispompei.it\/wp-content\/uploads\/2025\/02\/5866484590133234185-768x1024.jpg?strip=info&#038;w=600&#038;ssl=1 600w,https:\/\/i0.wp.com\/centroacutispompei.it\/wp-content\/uploads\/2025\/02\/5866484590133234185-768x1024.jpg?strip=info&#038;w=900&#038;ssl=1 900w,https:\/\/i0.wp.com\/centroacutispompei.it\/wp-content\/uploads\/2025\/02\/5866484590133234185-768x1024.jpg?strip=info&#038;w=960&#038;ssl=1 960w\" alt=\"\" data-height=\"1280\" data-id=\"1665\" data-link=\"https:\/\/centroacutispompei.it\/5866484590133234185\/\" data-url=\"https:\/\/centroacutispompei.it\/wp-content\/uploads\/2025\/02\/5866484590133234185-768x1024.jpg\" data-width=\"960\" src=\"https:\/\/i0.wp.com\/centroacutispompei.it\/wp-content\/uploads\/2025\/02\/5866484590133234185-768x1024.jpg?ssl=1\" data-amp-layout=\"responsive\"\/><\/figure><\/div><\/div><div class=\"tiled-gallery__row\"><div class=\"tiled-gallery__col\" style=\"flex-basis:50.00000%\"><figure class=\"tiled-gallery__item\"><img decoding=\"async\" srcset=\"https:\/\/i0.wp.com\/centroacutispompei.it\/wp-content\/uploads\/2025\/02\/5866484590133234178-768x1024.jpg?strip=info&#038;w=600&#038;ssl=1 600w,https:\/\/i0.wp.com\/centroacutispompei.it\/wp-content\/uploads\/2025\/02\/5866484590133234178-768x1024.jpg?strip=info&#038;w=900&#038;ssl=1 900w,https:\/\/i0.wp.com\/centroacutispompei.it\/wp-content\/uploads\/2025\/02\/5866484590133234178-768x1024.jpg?strip=info&#038;w=960&#038;ssl=1 960w\" alt=\"\" data-height=\"1280\" data-id=\"1669\" data-link=\"https:\/\/centroacutispompei.it\/5866484590133234178\/\" data-url=\"https:\/\/centroacutispompei.it\/wp-content\/uploads\/2025\/02\/5866484590133234178-768x1024.jpg\" data-width=\"960\" src=\"https:\/\/i0.wp.com\/centroacutispompei.it\/wp-content\/uploads\/2025\/02\/5866484590133234178-768x1024.jpg?ssl=1\" data-amp-layout=\"responsive\"\/><\/figure><\/div><div class=\"tiled-gallery__col\" style=\"flex-basis:50.00000%\"><figure class=\"tiled-gallery__item\"><img decoding=\"async\" srcset=\"https:\/\/i0.wp.com\/centroacutispompei.it\/wp-content\/uploads\/2025\/02\/5866484590133234181-768x1024.jpg?strip=info&#038;w=600&#038;ssl=1 600w,https:\/\/i0.wp.com\/centroacutispompei.it\/wp-content\/uploads\/2025\/02\/5866484590133234181-768x1024.jpg?strip=info&#038;w=900&#038;ssl=1 900w,https:\/\/i0.wp.com\/centroacutispompei.it\/wp-content\/uploads\/2025\/02\/5866484590133234181-768x1024.jpg?strip=info&#038;w=960&#038;ssl=1 960w\" alt=\"\" data-height=\"1280\" data-id=\"1668\" data-link=\"https:\/\/centroacutispompei.it\/5866484590133234181\/\" data-url=\"https:\/\/centroacutispompei.it\/wp-content\/uploads\/2025\/02\/5866484590133234181-768x1024.jpg\" data-width=\"960\" src=\"https:\/\/i0.wp.com\/centroacutispompei.it\/wp-content\/uploads\/2025\/02\/5866484590133234181-768x1024.jpg?ssl=1\" data-amp-layout=\"responsive\"\/><\/figure><\/div><\/div><\/div><\/div><\/div>\n\n\n\n<hr class=\"wp-block-separator has-css-opacity aligncenter\"\/>\n\n\n\n<p><\/p>\n\n\n\n<div class=\"wp-block-columns is-layout-flex wp-container-core-columns-is-layout-9d6595d7 wp-block-columns-is-layout-flex\">\n<div class=\"wp-block-column is-layout-flow wp-block-column-is-layout-flow\" style=\"flex-basis:33.33%\">\n<figure class=\"wp-block-image size-large\"><img data-recalc-dims=\"1\" loading=\"lazy\" decoding=\"async\" width=\"1024\" height=\"1024\" src=\"https:\/\/i0.wp.com\/centroacutispompei.it\/wp-content\/uploads\/2022\/10\/Open.png?resize=1024%2C1024&#038;ssl=1\" alt=\"\" class=\"wp-image-1402\" srcset=\"https:\/\/i0.wp.com\/centroacutispompei.it\/wp-content\/uploads\/2022\/10\/Open.png?resize=1024%2C1024&amp;ssl=1 1024w, https:\/\/i0.wp.com\/centroacutispompei.it\/wp-content\/uploads\/2022\/10\/Open.png?resize=300%2C300&amp;ssl=1 300w, https:\/\/i0.wp.com\/centroacutispompei.it\/wp-content\/uploads\/2022\/10\/Open.png?resize=150%2C150&amp;ssl=1 150w, https:\/\/i0.wp.com\/centroacutispompei.it\/wp-content\/uploads\/2022\/10\/Open.png?resize=768%2C768&amp;ssl=1 768w, https:\/\/i0.wp.com\/centroacutispompei.it\/wp-content\/uploads\/2022\/10\/Open.png?w=1080&amp;ssl=1 1080w\" sizes=\"(max-width: 1000px) 100vw, 1000px\" \/><\/figure>\n<\/div>\n\n\n\n<div class=\"wp-block-column is-layout-flow wp-block-column-is-layout-flow\" style=\"flex-basis:66.66%\">\n<p><strong><em>C\u2019entro<\/em><\/strong> mette a disposizione i suoi spazi interni ed esterni per chi ha bisogno di un luogo dove studiare. <\/p>\n\n\n\n<p>L&#8217;aula \u00e8 fornita di Wi-Fi, PC in rete e di area ristoro per un caff\u00e8 insieme!<\/p>\n\n\n\n<p><\/p>\n\n\n\n<h3 class=\"wp-block-heading\"><strong>L&#8217;aula studio di C\u2019entro \u00e8 aperta dal luned\u00ec al venerd\u00ec dalle 9.00 alle 13.00 e dalle 16.00 alle 19.00. <\/strong><\/h3>\n\n\n\n<h3 class=\"wp-block-heading\"><strong>Segui i nostri social per restare aggiornato su aperture o chiusure straordinarie.<\/strong><\/h3>\n<\/div>\n<\/div>\n<\/div>\n<\/div>\n\n\n\n<p><\/p>\n\n\n\n<figure class=\"wp-block-image size-large\"><img data-recalc-dims=\"1\" loading=\"lazy\" decoding=\"async\" width=\"1024\" height=\"683\" src=\"https:\/\/i0.wp.com\/centroacutispompei.it\/wp-content\/uploads\/2025\/02\/Copia-di-Logo-Centro-1.png?resize=1024%2C683&#038;ssl=1\" alt=\"\" class=\"wp-image-1738\" srcset=\"https:\/\/i0.wp.com\/centroacutispompei.it\/wp-content\/uploads\/2025\/02\/Copia-di-Logo-Centro-1.png?resize=1024%2C683&amp;ssl=1 1024w, https:\/\/i0.wp.com\/centroacutispompei.it\/wp-content\/uploads\/2025\/02\/Copia-di-Logo-Centro-1.png?resize=300%2C200&amp;ssl=1 300w, https:\/\/i0.wp.com\/centroacutispompei.it\/wp-content\/uploads\/2025\/02\/Copia-di-Logo-Centro-1.png?resize=768%2C512&amp;ssl=1 768w, https:\/\/i0.wp.com\/centroacutispompei.it\/wp-content\/uploads\/2025\/02\/Copia-di-Logo-Centro-1.png?w=1125&amp;ssl=1 1125w\" sizes=\"(max-width: 1000px) 100vw, 1000px\" \/><\/figure>\n","protected":false},"excerpt":{"rendered":"<p>C\u2019entro mette a disposizione i suoi spazi interni ed esterni per chi ha bisogno di un luogo dove studiare. L&#8217;aula \u00e8 fornita di Wi-Fi, PC in rete e di area ristoro per un caff\u00e8 insieme! L&#8217;aula studio di C\u2019entro \u00e8 aperta dal luned\u00ec al venerd\u00ec dalle 9.00 alle 13.00 e dalle 16.00 alle 19.00. Segui [&hellip;]<\/p>\n","protected":false},"author":1,"featured_media":0,"parent":0,"menu_order":0,"comment_status":"closed","ping_status":"closed","template":"","meta":{"footnotes":""},"class_list":["post-345","page","type-page","status-publish","hentry"],"yoast_head":"<!-- This site is optimized with the Yoast SEO plugin v27.4 - https:\/\/yoast.com\/product\/yoast-seo-wordpress\/ -->\n<title>Studio al C&#039;entro - Centro Acutis Pompei<\/title>\n<meta name=\"description\" content=\"C\u2019entro mette a disposizione i suoi spazi interni ed esterni per i giovani che hanno bisogno di un luogo dove studiare\" \/>\n<meta name=\"robots\" content=\"index, follow, max-snippet:-1, max-image-preview:large, max-video-preview:-1\" \/>\n<link rel=\"canonical\" href=\"https:\/\/centroacutispompei.it\/index.php\/studio-al-centro\/\" \/>\n<meta property=\"og:locale\" content=\"it_IT\" \/>\n<meta property=\"og:type\" content=\"article\" \/>\n<meta property=\"og:title\" content=\"Studio al C&#039;entro - Centro Acutis Pompei\" \/>\n<meta property=\"og:description\" content=\"C\u2019entro mette a disposizione i suoi spazi interni ed esterni per i giovani che hanno bisogno di un luogo dove studiare\" \/>\n<meta property=\"og:url\" content=\"https:\/\/centroacutispompei.it\/index.php\/studio-al-centro\/\" \/>\n<meta property=\"og:site_name\" content=\"Centro Acutis Pompei\" \/>\n<meta property=\"article:publisher\" content=\"https:\/\/www.facebook.com\/c.entropompei\/\" \/>\n<meta property=\"article:modified_time\" content=\"2026-01-08T18:16:49+00:00\" \/>\n<meta property=\"og:image\" content=\"https:\/\/i0.wp.com\/centroacutispompei.it\/wp-content\/uploads\/2025\/02\/5866484590133234176-1024x768.jpg?ssl=1\" \/>\n<meta name=\"twitter:card\" content=\"summary_large_image\" \/>\n<meta name=\"twitter:label1\" content=\"Tempo di lettura stimato\" \/>\n\t<meta name=\"twitter:data1\" content=\"2 minuti\" \/>\n<script type=\"application\/ld+json\" class=\"yoast-schema-graph\">{\"@context\":\"https:\\\/\\\/schema.org\",\"@graph\":[{\"@type\":\"WebPage\",\"@id\":\"https:\\\/\\\/centroacutispompei.it\\\/index.php\\\/studio-al-centro\\\/\",\"url\":\"https:\\\/\\\/centroacutispompei.it\\\/index.php\\\/studio-al-centro\\\/\",\"name\":\"Studio al C'entro - Centro Acutis Pompei\",\"isPartOf\":{\"@id\":\"https:\\\/\\\/centroacutispompei.it\\\/#website\"},\"primaryImageOfPage\":{\"@id\":\"https:\\\/\\\/centroacutispompei.it\\\/index.php\\\/studio-al-centro\\\/#primaryimage\"},\"image\":{\"@id\":\"https:\\\/\\\/centroacutispompei.it\\\/index.php\\\/studio-al-centro\\\/#primaryimage\"},\"thumbnailUrl\":\"https:\\\/\\\/i0.wp.com\\\/centroacutispompei.it\\\/wp-content\\\/uploads\\\/2025\\\/02\\\/5866484590133234176-1024x768.jpg?ssl=1\",\"datePublished\":\"2021-06-12T15:14:58+00:00\",\"dateModified\":\"2026-01-08T18:16:49+00:00\",\"description\":\"C\u2019entro mette a disposizione i suoi spazi interni ed esterni per i giovani che hanno bisogno di un luogo dove studiare\",\"breadcrumb\":{\"@id\":\"https:\\\/\\\/centroacutispompei.it\\\/index.php\\\/studio-al-centro\\\/#breadcrumb\"},\"inLanguage\":\"it-IT\",\"potentialAction\":[{\"@type\":\"ReadAction\",\"target\":[\"https:\\\/\\\/centroacutispompei.it\\\/index.php\\\/studio-al-centro\\\/\"]}]},{\"@type\":\"ImageObject\",\"inLanguage\":\"it-IT\",\"@id\":\"https:\\\/\\\/centroacutispompei.it\\\/index.php\\\/studio-al-centro\\\/#primaryimage\",\"url\":\"https:\\\/\\\/i0.wp.com\\\/centroacutispompei.it\\\/wp-content\\\/uploads\\\/2025\\\/02\\\/5866484590133234176-1024x768.jpg?ssl=1\",\"contentUrl\":\"https:\\\/\\\/i0.wp.com\\\/centroacutispompei.it\\\/wp-content\\\/uploads\\\/2025\\\/02\\\/5866484590133234176-1024x768.jpg?ssl=1\"},{\"@type\":\"BreadcrumbList\",\"@id\":\"https:\\\/\\\/centroacutispompei.it\\\/index.php\\\/studio-al-centro\\\/#breadcrumb\",\"itemListElement\":[{\"@type\":\"ListItem\",\"position\":1,\"name\":\"Home\",\"item\":\"https:\\\/\\\/centroacutispompei.it\\\/\"},{\"@type\":\"ListItem\",\"position\":2,\"name\":\"Studio al C&#8217;entro\"}]},{\"@type\":\"WebSite\",\"@id\":\"https:\\\/\\\/centroacutispompei.it\\\/#website\",\"url\":\"https:\\\/\\\/centroacutispompei.it\\\/\",\"name\":\"Centro Acutis Pompei\",\"description\":\"Spazio giovani &quot;Carlo Acutis&quot;\",\"publisher\":{\"@id\":\"https:\\\/\\\/centroacutispompei.it\\\/#organization\"},\"potentialAction\":[{\"@type\":\"SearchAction\",\"target\":{\"@type\":\"EntryPoint\",\"urlTemplate\":\"https:\\\/\\\/centroacutispompei.it\\\/?s={search_term_string}\"},\"query-input\":{\"@type\":\"PropertyValueSpecification\",\"valueRequired\":true,\"valueName\":\"search_term_string\"}}],\"inLanguage\":\"it-IT\"},{\"@type\":\"Organization\",\"@id\":\"https:\\\/\\\/centroacutispompei.it\\\/#organization\",\"name\":\"C'entro - Spazio giovani beato Carlo Acutis\",\"url\":\"https:\\\/\\\/centroacutispompei.it\\\/\",\"logo\":{\"@type\":\"ImageObject\",\"inLanguage\":\"it-IT\",\"@id\":\"https:\\\/\\\/centroacutispompei.it\\\/#\\\/schema\\\/logo\\\/image\\\/\",\"url\":\"https:\\\/\\\/centroacutispompei.it\\\/wp-content\\\/uploads\\\/2021\\\/06\\\/Copia-di-Logo-Centro-7.png\",\"contentUrl\":\"https:\\\/\\\/centroacutispompei.it\\\/wp-content\\\/uploads\\\/2021\\\/06\\\/Copia-di-Logo-Centro-7.png\",\"width\":3000,\"height\":1500,\"caption\":\"C'entro - Spazio giovani beato Carlo Acutis\"},\"image\":{\"@id\":\"https:\\\/\\\/centroacutispompei.it\\\/#\\\/schema\\\/logo\\\/image\\\/\"},\"sameAs\":[\"https:\\\/\\\/www.facebook.com\\\/c.entropompei\\\/\",\"https:\\\/\\\/www.instagram.com\\\/c_entropompei\\\/\"]}]}<\/script>\n<!-- \/ Yoast SEO plugin. -->","yoast_head_json":{"title":"Studio al C'entro - Centro Acutis Pompei","description":"C\u2019entro mette a disposizione i suoi spazi interni ed esterni per i giovani che hanno bisogno di un luogo dove studiare","robots":{"index":"index","follow":"follow","max-snippet":"max-snippet:-1","max-image-preview":"max-image-preview:large","max-video-preview":"max-video-preview:-1"},"canonical":"https:\/\/centroacutispompei.it\/index.php\/studio-al-centro\/","og_locale":"it_IT","og_type":"article","og_title":"Studio al C'entro - Centro Acutis Pompei","og_description":"C\u2019entro mette a disposizione i suoi spazi interni ed esterni per i giovani che hanno bisogno di un luogo dove studiare","og_url":"https:\/\/centroacutispompei.it\/index.php\/studio-al-centro\/","og_site_name":"Centro Acutis Pompei","article_publisher":"https:\/\/www.facebook.com\/c.entropompei\/","article_modified_time":"2026-01-08T18:16:49+00:00","og_image":[{"url":"https:\/\/i0.wp.com\/centroacutispompei.it\/wp-content\/uploads\/2025\/02\/5866484590133234176-1024x768.jpg?ssl=1","type":"","width":"","height":""}],"twitter_card":"summary_large_image","twitter_misc":{"Tempo di lettura stimato":"2 minuti"},"schema":{"@context":"https:\/\/schema.org","@graph":[{"@type":"WebPage","@id":"https:\/\/centroacutispompei.it\/index.php\/studio-al-centro\/","url":"https:\/\/centroacutispompei.it\/index.php\/studio-al-centro\/","name":"Studio al C'entro - Centro Acutis Pompei","isPartOf":{"@id":"https:\/\/centroacutispompei.it\/#website"},"primaryImageOfPage":{"@id":"https:\/\/centroacutispompei.it\/index.php\/studio-al-centro\/#primaryimage"},"image":{"@id":"https:\/\/centroacutispompei.it\/index.php\/studio-al-centro\/#primaryimage"},"thumbnailUrl":"https:\/\/i0.wp.com\/centroacutispompei.it\/wp-content\/uploads\/2025\/02\/5866484590133234176-1024x768.jpg?ssl=1","datePublished":"2021-06-12T15:14:58+00:00","dateModified":"2026-01-08T18:16:49+00:00","description":"C\u2019entro mette a disposizione i suoi spazi interni ed esterni per i giovani che hanno bisogno di un luogo dove studiare","breadcrumb":{"@id":"https:\/\/centroacutispompei.it\/index.php\/studio-al-centro\/#breadcrumb"},"inLanguage":"it-IT","potentialAction":[{"@type":"ReadAction","target":["https:\/\/centroacutispompei.it\/index.php\/studio-al-centro\/"]}]},{"@type":"ImageObject","inLanguage":"it-IT","@id":"https:\/\/centroacutispompei.it\/index.php\/studio-al-centro\/#primaryimage","url":"https:\/\/i0.wp.com\/centroacutispompei.it\/wp-content\/uploads\/2025\/02\/5866484590133234176-1024x768.jpg?ssl=1","contentUrl":"https:\/\/i0.wp.com\/centroacutispompei.it\/wp-content\/uploads\/2025\/02\/5866484590133234176-1024x768.jpg?ssl=1"},{"@type":"BreadcrumbList","@id":"https:\/\/centroacutispompei.it\/index.php\/studio-al-centro\/#breadcrumb","itemListElement":[{"@type":"ListItem","position":1,"name":"Home","item":"https:\/\/centroacutispompei.it\/"},{"@type":"ListItem","position":2,"name":"Studio al C&#8217;entro"}]},{"@type":"WebSite","@id":"https:\/\/centroacutispompei.it\/#website","url":"https:\/\/centroacutispompei.it\/","name":"Centro Acutis Pompei","description":"Spazio giovani &quot;Carlo Acutis&quot;","publisher":{"@id":"https:\/\/centroacutispompei.it\/#organization"},"potentialAction":[{"@type":"SearchAction","target":{"@type":"EntryPoint","urlTemplate":"https:\/\/centroacutispompei.it\/?s={search_term_string}"},"query-input":{"@type":"PropertyValueSpecification","valueRequired":true,"valueName":"search_term_string"}}],"inLanguage":"it-IT"},{"@type":"Organization","@id":"https:\/\/centroacutispompei.it\/#organization","name":"C'entro - Spazio giovani beato Carlo Acutis","url":"https:\/\/centroacutispompei.it\/","logo":{"@type":"ImageObject","inLanguage":"it-IT","@id":"https:\/\/centroacutispompei.it\/#\/schema\/logo\/image\/","url":"https:\/\/centroacutispompei.it\/wp-content\/uploads\/2021\/06\/Copia-di-Logo-Centro-7.png","contentUrl":"https:\/\/centroacutispompei.it\/wp-content\/uploads\/2021\/06\/Copia-di-Logo-Centro-7.png","width":3000,"height":1500,"caption":"C'entro - Spazio giovani beato Carlo Acutis"},"image":{"@id":"https:\/\/centroacutispompei.it\/#\/schema\/logo\/image\/"},"sameAs":["https:\/\/www.facebook.com\/c.entropompei\/","https:\/\/www.instagram.com\/c_entropompei\/"]}]}},"jetpack_sharing_enabled":true,"jetpack-related-posts":[{"id":2,"url":"https:\/\/centroacutispompei.it\/","url_meta":{"origin":345,"position":0},"title":"Home","author":"admin","date":"08\/06\/2021","format":false,"excerpt":"photo_2022-07-14_19-07-06 242726659_180623397536179_882680828930683913_n photo_2022-05-01_19-38-52 IMG_4512 IMG_3416 IMG_3222 5866484590133234187 5866484590133234186 5866484590133234185 5866484590133234184 5866484590133234183 5866484590133234181 5866484590133234178 5866484590133234177 5866484590133234176 5866484590133234175 Benvenuti al C'entro! lo spazio giovani dedicato a Carlo Acutis C'entro si offre come uno spazio di socialit\u00e0 ed inclusione, punto di incontro fra le generazioni e occasione per riqualificare il territorio. Uno spazio\u2026","rel":"","context":"Articolo simile","block_context":{"text":"Articolo simile","link":""},"img":{"alt_text":"","src":"","width":0,"height":0},"classes":[]},{"id":87,"url":"https:\/\/centroacutispompei.it\/index.php\/chisiamo\/","url_meta":{"origin":345,"position":1},"title":"Chi siamo","author":"Ivan Licinio","date":"09\/06\/2021","format":false,"excerpt":"Chi siamo C'entro \u00e8 innanzitutto uno spazio C'entro vuole essere uno spazio dove i giovani trovano spazio, dove ognuno pu\u00f2 recarsi liberamente per trovare la propria dimensione. Uno spazio al centro di Pompei per rimettere i giovani al centro. Per dire ad ognuno di loro che sono davvero al centro\u2026","rel":"","context":"Articolo simile","block_context":{"text":"Articolo simile","link":""},"img":{"alt_text":"","src":"","width":0,"height":0},"classes":[]},{"id":278,"url":"https:\/\/centroacutispompei.it\/index.php\/contatti\/","url_meta":{"origin":345,"position":2},"title":"Contatti","author":"Ivan Licinio","date":"12\/06\/2021","format":false,"excerpt":"Piazzale Schettini, 15Pompei80045 Napoli Email: c.entroacutis@gmail.com Al centro di Pompei per essere al C'entro Orari Luned\u00ec - Venerd\u00ec: 8.30 \u2013 12.30\u00a0 \u00a0 \u00a0 \u00a0 \u00a0 \u00a0 \u00a0 \u00a0 \u00a0 \u00a0 \u00a0 \u00a0 \u00a0 \u00a0 \u00a0 \u00a0 \u00a0 \u00a0 \u00a0 \u00a0 \u00a0 \u00a0 \u00a0 \u00a0 \u00a0 \u00a0 \u00a0 \u00a0 \u00a0 \u00a0\u2026","rel":"","context":"Articolo simile","block_context":{"text":"Articolo simile","link":""},"img":{"alt_text":"","src":"","width":0,"height":0},"classes":[]},{"id":224,"url":"https:\/\/centroacutispompei.it\/index.php\/il-beato-carlo-acutis\/","url_meta":{"origin":345,"position":3},"title":"San Carlo Acutis","author":"Ivan Licinio","date":"12\/06\/2021","format":false,"excerpt":"San Carlo Acutis Apostolo del web Carlo Acutis, nato a Londra e cresciuto a Milano, aveva 15 anni quando, il 12 ottobre 2006, fu stroncato da una leucemia fulminante all'ospedale San Gerardo di Monza. Quella di Carlo \u00e8 stata una breve ma significativa testimonianza\u00a0di vita autenticamente cristiana, tanto da essere\u2026","rel":"","context":"Articolo simile","block_context":{"text":"Articolo simile","link":""},"img":{"alt_text":"","src":"https:\/\/i0.wp.com\/centroacutispompei.it\/wp-content\/uploads\/2021\/06\/warhol_1-1336607815-1572774024566-244x300.jpg?resize=350%2C200&ssl=1","width":350,"height":200},"classes":[]},{"id":3,"url":"https:\/\/centroacutispompei.it\/index.php\/privacy-policy\/","url_meta":{"origin":345,"position":4},"title":"Privacy Policy","author":"admin","date":"08\/06\/2021","format":false,"excerpt":"TRATTAMENTO DATI PERSONALI In relazione agli obblighi previsti dalla Legge in oggetto vi informiamo che i dati personali a noi forniti potranno formare oggetto di trattamento nel pieno rispetto del DLGS 196\/2003.\u00a0Ai sensi della predetta Legge tale trattamento sar\u00e0 improntato ai principi di correttezza, liceit\u00e0 e trasparenza.Relativamente al trattamento che\u2026","rel":"","context":"Articolo simile","block_context":{"text":"Articolo simile","link":""},"img":{"alt_text":"","src":"","width":0,"height":0},"classes":[]}],"jetpack_shortlink":"https:\/\/wp.me\/Pd8NOV-5z","_links":{"self":[{"href":"https:\/\/centroacutispompei.it\/index.php\/wp-json\/wp\/v2\/pages\/345","targetHints":{"allow":["GET"]}}],"collection":[{"href":"https:\/\/centroacutispompei.it\/index.php\/wp-json\/wp\/v2\/pages"}],"about":[{"href":"https:\/\/centroacutispompei.it\/index.php\/wp-json\/wp\/v2\/types\/page"}],"author":[{"embeddable":true,"href":"https:\/\/centroacutispompei.it\/index.php\/wp-json\/wp\/v2\/users\/1"}],"replies":[{"embeddable":true,"href":"https:\/\/centroacutispompei.it\/index.php\/wp-json\/wp\/v2\/comments?post=345"}],"version-history":[{"count":19,"href":"https:\/\/centroacutispompei.it\/index.php\/wp-json\/wp\/v2\/pages\/345\/revisions"}],"predecessor-version":[{"id":1818,"href":"https:\/\/centroacutispompei.it\/index.php\/wp-json\/wp\/v2\/pages\/345\/revisions\/1818"}],"wp:attachment":[{"href":"https:\/\/centroacutispompei.it\/index.php\/wp-json\/wp\/v2\/media?parent=345"}],"curies":[{"name":"wp","href":"https:\/\/api.w.org\/{rel}","templated":true}]}}